{"id":261,"date":"2020-01-15T22:52:31","date_gmt":"2020-01-15T21:52:31","guid":{"rendered":"http:\/\/www.ofkbrdo.com\/Wordpress\/?page_id=261"},"modified":"2021-02-02T21:38:48","modified_gmt":"2021-02-02T20:38:48","slug":"mi-smo-ofk-brdo","status":"publish","type":"page","link":"https:\/\/www.ofkbrdo.com\/Wordpress\/mi-smo-ofk-brdo\/","title":{"rendered":"Mi smo OFK BRDO!"},"content":{"rendered":"<p>Ofk Brdo je osnovan 2005, a zvanicno takmicenje poceo 2006. godine na inicijativu entuzijasta sa lijeve obale rijeke Sane tj. prijedorskog Mataruskog Brda.<\/p>\n<p>Klub je nastavio kontinuitet, koji je prekinut ratom u Bosni i Hercegovini, i nakon povratka stanovni\u0161tva, nastavio tradiciju klubova FK Sloboda Bi\u0161\u0107ani, OFK Polet Hambarine, FK Mladost \u010carakovo, FK Rakov\u010dani 79 i FK Patrija Rizvanovi\u0107i.<\/p>\n<p>Fudbalersku tradiciju danas \u010duvaju novi narastaji. Danas&nbsp;klub broji oko 70 sportista me\u0111u kojima se nalazi i ekipa djevojaka. Aktivni su pogoni pionira, kadeta i prvog tima koji danas nastupa na trecem nivou bosanskoherceogvackog fudbala.<\/p>\n<p>Na\u0161i \u010dlanovi se danas nalaze svuda po svijetu te na razne na\u010dine kao pravi ambasadori, promovisu i&nbsp; podr\u017eavaju nas klub.<\/p>\n<p>&nbsp;Sa ovog podru\u010dja tj. Brda poteklo je i nekoliko izvrsnih fudbalera, koji su igrali za skoro sve ozbiljnije gradske i reginonalne klubove,&nbsp; jugoslavenske prvoligase, mladih reprezetacija Jugoslavije, te osvajali sa svojim klubovima i medjunarodne trofeje, u prijeratnom periodu.<\/p>\n<p>Ovu tradiciju danas \u010duvaju mlade generacije ne samo u nasem fudbalskom klub, vec i djeca nasi simpatizera sirom Svijeta.&nbsp;<\/p>\nngg_shortcode_0_placeholder\n<p>&nbsp;<\/p>\n","protected":false},"excerpt":{"rendered":"<p>Ofk Brdo je osnovan 2005, a zvanicno takmicenje poceo 2006. godine na inicijativu entuzijasta sa lijeve obale rijeke Sane tj. prijedorskog Mataruskog Brda. Klub je nastavio kontinuitet, koji je prekinut ratom u Bosni i Hercegovini, i nakon povratka stanovni\u0161tva, nastavio tradiciju klubova FK Sloboda Bi\u0161\u0107ani, OFK Polet Hambarine, FK Mladost \u010carakovo, FK Rakov\u010dani 79 i [&hellip;]<\/p>\n","protected":false},"author":1,"featured_media":0,"parent":0,"menu_order":0,"comment_status":"closed","ping_status":"closed","template":"","meta":{"ngg_post_thumbnail":0,"footnotes":""},"class_list":["post-261","page","type-page","status-publish","hentry"],"jetpack_sharing_enabled":true,"jetpack_likes_enabled":true,"jetpack_shortlink":"https:\/\/wp.me\/PevKtx-4d","jetpack-related-posts":[{"id":263,"url":"https:\/\/www.ofkbrdo.com\/Wordpress\/mi-smo-ofk-brdo\/opste-informacije\/","url_meta":{"origin":261,"position":0},"title":"Opste informacije","author":"admin","date":"15. January 2020","format":false,"excerpt":"Godina osnivanja: 2005 Adressa: Sarajevska bb, 79101 Hambarine - Prijedor Stadion: Vedro Polje Boje: Zuta, Plava Uspjesi: Prva ne zvanicna utkmica: 31.07.2005; OFK Brdo - FK TukoviPrva zvanicna utakmica: 10.08.2006; KUP PFS Prijedor; OFK Brdo - FK Sloga SanicaniPlasman u 3. ligu RS PFS Prijedor: 2006\/2007;Prvak 3. lige RS PFS\u2026","rel":"","context":"Similar post","block_context":{"text":"Similar post","link":""},"img":{"alt_text":"","src":"","width":0,"height":0},"classes":[]},{"id":271,"url":"https:\/\/www.ofkbrdo.com\/Wordpress\/mi-smo-ofk-brdo\/kontakt\/","url_meta":{"origin":261,"position":1},"title":"Kontakt","author":"admin","date":"15. January 2020","format":false,"excerpt":"Omladinski fudbalski klub BRDO Adresa: Sarajevska bb, 79101 Hambarine \u2013 Prijedor Predsjednik kluba:\u00a0Kaltak Merfin Sekretar:\u00a0Mirza Alki\u0107, 061-426 884 Blagajnik:\u00a0Senudin Safic Blagajnik:\u00a0Benjamin Kadiri\u0107, 065-603 088 \u00a0 Treneri 2020\/21: A- tim: Mirza Alki\u0107, 061-426 884 Omladinske selekcije: Mirza Alki\u0107, 061-426 884 \u0110ug Admir \u00a0","rel":"","context":"Similar post","block_context":{"text":"Similar post","link":""},"img":{"alt_text":"","src":"","width":0,"height":0},"classes":[]},{"id":1455,"url":"https:\/\/www.ofkbrdo.com\/Wordpress\/mi-smo-ofk-brdo\/akti-kluba\/","url_meta":{"origin":261,"position":2},"title":"Akti kluba","author":"admin","date":"1. June 2020","format":false,"excerpt":"Statut OFK BRDO Poslovnik OFK BRDO","rel":"","context":"Similar post","block_context":{"text":"Similar post","link":""},"img":{"alt_text":"","src":"","width":0,"height":0},"classes":[]},{"id":470,"url":"https:\/\/www.ofkbrdo.com\/Wordpress\/zvanicna-web-prezentacija-ofk-brdo\/","url_meta":{"origin":261,"position":3},"title":"Po\u010detna &#8211; OFK BRDO","author":"admin","date":"30. January 2020","format":false,"excerpt":"\u00a0","rel":"","context":"Similar post","block_context":{"text":"Similar post","link":""},"img":{"alt_text":"","src":"","width":0,"height":0},"classes":[]},{"id":269,"url":"https:\/\/www.ofkbrdo.com\/Wordpress\/mi-smo-ofk-brdo\/stadioni\/","url_meta":{"origin":261,"position":4},"title":"Stadion","author":"admin","date":"15. January 2020","format":false,"excerpt":"","rel":"","context":"Similar post","block_context":{"text":"Similar post","link":""},"img":{"alt_text":"","src":"","width":0,"height":0},"classes":[]},{"id":265,"url":"https:\/\/www.ofkbrdo.com\/Wordpress\/mi-smo-ofk-brdo\/organi-kluba\/","url_meta":{"origin":261,"position":5},"title":"Organi kluba","author":"admin","date":"15. January 2020","format":false,"excerpt":"Predsjednik kluba: Naser Ba\u010di\u0107, 065-231 058Predsjednik skup\u0161tine: Amir \u010celi\u0107, 062-926 783Sekretar: Mirza Alki\u0107, 061-426 884Blagajnik: Amir Duratovi\u0107, 066-341 516Blagajnik: Benjamin Kadiri\u0107, 065-603 088 \u010clanovi Upravnog odbora: Mujo Mehmedagi\u0107 Suad Pa\u0161i\u0107 Anel Hamuli\u0107 Edin Pa\u0111an Nermin Pa\u0111an Naser Ba\u010di\u0107 Amir \u010celi\u0107 Amir Duratovi\u0107 Benjamin Kadiri\u0107 Nihad Dedi\u0107 Elvedin Hori\u0107","rel":"","context":"Similar post","block_context":{"text":"Similar post","link":""},"img":{"alt_text":"","src":"","width":0,"height":0},"classes":[]}],"_links":{"self":[{"href":"https:\/\/www.ofkbrdo.com\/Wordpress\/wp-json\/wp\/v2\/pages\/261","targetHints":{"allow":["GET"]}}],"collection":[{"href":"https:\/\/www.ofkbrdo.com\/Wordpress\/wp-json\/wp\/v2\/pages"}],"about":[{"href":"https:\/\/www.ofkbrdo.com\/Wordpress\/wp-json\/wp\/v2\/types\/page"}],"author":[{"embeddable":true,"href":"https:\/\/www.ofkbrdo.com\/Wordpress\/wp-json\/wp\/v2\/users\/1"}],"replies":[{"embeddable":true,"href":"https:\/\/www.ofkbrdo.com\/Wordpress\/wp-json\/wp\/v2\/comments?post=261"}],"version-history":[{"count":0,"href":"https:\/\/www.ofkbrdo.com\/Wordpress\/wp-json\/wp\/v2\/pages\/261\/revisions"}],"wp:attachment":[{"href":"https:\/\/www.ofkbrdo.com\/Wordpress\/wp-json\/wp\/v2\/media?parent=261"}],"curies":[{"name":"wp","href":"https:\/\/api.w.org\/{rel}","templated":true}]}}