{"id":263,"date":"2020-01-15T22:53:21","date_gmt":"2020-01-15T21:53:21","guid":{"rendered":"http:\/\/www.ofkbrdo.com\/Wordpress\/?page_id=263"},"modified":"2020-06-01T14:14:48","modified_gmt":"2020-06-01T12:14:48","slug":"opste-informacije","status":"publish","type":"page","link":"https:\/\/www.ofkbrdo.com\/Wordpress\/mi-smo-ofk-brdo\/opste-informacije\/","title":{"rendered":"Opste informacije"},"content":{"rendered":"\n<p>Godina osnivanja: 2005<\/p>\n\n\n\n<p>Adressa: Sarajevska bb, 79101 Hambarine &#8211; Prijedor<\/p>\n\n\n\n<p>Stadion: Vedro Polje<\/p>\n\n\n\n<p>Boje: Zuta, Plava<\/p>\n\n\n\n<p>Uspjesi: <\/p>\n\n\n\n<ul class=\"wp-block-list\"><li>Prva ne zvanicna utkmica: 31.07.2005; OFK Brdo &#8211; FK Tukovi<\/li><li>Prva zvanicna utakmica: 10.08.2006; KUP PFS Prijedor;  OFK Brdo &#8211; FK Sloga Sanicani<\/li><li>Plasman u 3. ligu RS PFS Prijedor: 2006\/2007;<\/li><li>Prvak 3. lige RS PFS i plasman u novoformiranu Regionalnu ligu RS Grupa Zapad: 2011\/2012;<\/li><li>Plasman u 2. ligu RS: 2019\/2020;<\/li><\/ul>\n","protected":false},"excerpt":{"rendered":"<p>Godina osnivanja: 2005 Adressa: Sarajevska bb, 79101 Hambarine &#8211; Prijedor Stadion: Vedro Polje Boje: Zuta, Plava Uspjesi: Prva ne zvanicna utkmica: 31.07.2005; OFK Brdo &#8211; FK Tukovi Prva zvanicna utakmica: 10.08.2006; KUP PFS Prijedor; OFK Brdo &#8211; FK Sloga Sanicani Plasman u 3. ligu RS PFS Prijedor: 2006\/2007; Prvak 3. lige RS PFS i plasman [&hellip;]<\/p>\n","protected":false},"author":1,"featured_media":0,"parent":261,"menu_order":0,"comment_status":"closed","ping_status":"closed","template":"","meta":{"ngg_post_thumbnail":0,"footnotes":""},"class_list":["post-263","page","type-page","status-publish","hentry"],"jetpack_sharing_enabled":true,"jetpack_likes_enabled":true,"jetpack_shortlink":"https:\/\/wp.me\/PevKtx-4f","jetpack-related-posts":[{"id":271,"url":"https:\/\/www.ofkbrdo.com\/Wordpress\/mi-smo-ofk-brdo\/kontakt\/","url_meta":{"origin":263,"position":0},"title":"Kontakt","author":"admin","date":"15. January 2020","format":false,"excerpt":"Omladinski fudbalski klub BRDO Adresa: Sarajevska bb, 79101 Hambarine \u2013 Prijedor Predsjednik kluba:\u00a0Kaltak Merfin Sekretar:\u00a0Mirza Alki\u0107, 061-426 884 Blagajnik:\u00a0Senudin Safic Blagajnik:\u00a0Benjamin Kadiri\u0107, 065-603 088 \u00a0 Treneri 2020\/21: A- tim: Mirza Alki\u0107, 061-426 884 Omladinske selekcije: Mirza Alki\u0107, 061-426 884 \u0110ug Admir \u00a0","rel":"","context":"Similar post","block_context":{"text":"Similar post","link":""},"img":{"alt_text":"","src":"","width":0,"height":0},"classes":[]},{"id":261,"url":"https:\/\/www.ofkbrdo.com\/Wordpress\/mi-smo-ofk-brdo\/","url_meta":{"origin":263,"position":1},"title":"Mi smo OFK BRDO!","author":"admin","date":"15. January 2020","format":false,"excerpt":"Ofk Brdo je osnovan 2005, a zvanicno takmicenje poceo 2006. godine na inicijativu entuzijasta sa lijeve obale rijeke Sane tj. prijedorskog Mataruskog Brda. Klub je nastavio kontinuitet, koji je prekinut ratom u Bosni i Hercegovini, i nakon povratka stanovni\u0161tva, nastavio tradiciju klubova FK Sloboda Bi\u0161\u0107ani, OFK Polet Hambarine, FK Mladost\u2026","rel":"","context":"Similar post","block_context":{"text":"Similar post","link":""},"img":{"alt_text":"","src":"","width":0,"height":0},"classes":[]},{"id":237,"url":"https:\/\/www.ofkbrdo.com\/Wordpress\/prva-ekipa\/","url_meta":{"origin":263,"position":2},"title":"Takmicenja","author":"admin","date":"15. January 2020","format":false,"excerpt":"Druga Liga RS grupa zapad \u00a0 \u00a0 OMLADINSKA LIGA PODRU\u010cNOG FUDBALSKOG SAVEZA PRIJEDOR Pioniri - Kadeti","rel":"","context":"Similar post","block_context":{"text":"Similar post","link":""},"img":{"alt_text":"","src":"","width":0,"height":0},"classes":[]},{"id":267,"url":"https:\/\/www.ofkbrdo.com\/Wordpress\/clanovi_kluba\/","url_meta":{"origin":263,"position":3},"title":"\u010clanovi kluba 2024","author":"admin","date":"15. January 2020","format":false,"excerpt":"\u010clanovi kluba 2024\ud83d\udc99\ud83d\udc9b \ud83d\udccd\u010clanova: 210\ud83d\udcca \ud83d\udccdDontora: 31 \ud83d\udcc8 \ud83d\udccdSponzori: 26 \ud83d\udccb \ud83c\udf9f 100 EUR Muhi\u0107 Almir - \u0106ani Muhi\u0107 Edvin Islam\u010devi\u0107 Sanel - Gago \u010celi\u0107 Amir Pa\u0111an Elvedin - Elvedo Im\u0161irovi\u0107 Razim Im\u0161irovi\u0107 Anel Ali\u0161i\u0107 Irfan Kadiri\u0107 Ne\u0107ko SWE Avdi\u0107 Elvis \u010cau\u0161evi\u0107 Samir Ceri\u0107 Edin \u010celi\u0107 Ned\u017ead \u010celi\u0107 Jasmin Kadiri\u0107\u2026","rel":"","context":"Similar post","block_context":{"text":"Similar post","link":""},"img":{"alt_text":"\u010clanovi kluba","src":"https:\/\/i0.wp.com\/www.ofkbrdo.com\/Wordpress\/wp-content\/uploads\/2024\/01\/IMG_5501-e1717487068393.jpeg?fit=1046%2C577&ssl=1&resize=350%2C200","width":350,"height":200,"srcset":"https:\/\/i0.wp.com\/www.ofkbrdo.com\/Wordpress\/wp-content\/uploads\/2024\/01\/IMG_5501-e1717487068393.jpeg?fit=1046%2C577&ssl=1&resize=350%2C200 1x, https:\/\/i0.wp.com\/www.ofkbrdo.com\/Wordpress\/wp-content\/uploads\/2024\/01\/IMG_5501-e1717487068393.jpeg?fit=1046%2C577&ssl=1&resize=525%2C300 1.5x, https:\/\/i0.wp.com\/www.ofkbrdo.com\/Wordpress\/wp-content\/uploads\/2024\/01\/IMG_5501-e1717487068393.jpeg?fit=1046%2C577&ssl=1&resize=700%2C400 2x"},"classes":[]},{"id":1455,"url":"https:\/\/www.ofkbrdo.com\/Wordpress\/mi-smo-ofk-brdo\/akti-kluba\/","url_meta":{"origin":263,"position":4},"title":"Akti kluba","author":"admin","date":"1. June 2020","format":false,"excerpt":"Statut OFK BRDO Poslovnik OFK BRDO","rel":"","context":"Similar post","block_context":{"text":"Similar post","link":""},"img":{"alt_text":"","src":"","width":0,"height":0},"classes":[]},{"id":8605,"url":"https:\/\/www.ofkbrdo.com\/Wordpress\/clanovi-kluba-2025\/","url_meta":{"origin":263,"position":5},"title":"\u010clanovi Kluba 2025","author":"admin","date":"8. January 2025","format":false,"excerpt":"\u00a0 \u010clanovi kluba 2025\ud83d\udc99\ud83d\udc9b \ud83d\udccd\u010clanova: 136 \ud83d\udcca \ud83d\udccdDontora: 100 \ud83d\udcc8 \ud83d\udccdSponzori: 35\ud83d\udccb \ud83c\udf9f 100 EUR Muhi\u0107 Almir - \u0106ani Muhi\u0107 Edvin Muslimovi\u0107 Denis Islam\u010devi\u0107 Sanel - GAGO Im\u0161irovi\u0107 Anel Im\u0161irovi\u0107 Razim Im\u0161irovi\u0107 Ismet Im\u0161irovi\u0107 Haris Im\u0161irovi\u0107 Denis Kadiri\u0107 Ned\u017ead Ali\u0161i\u0107 Irfo Ceri\u0107 Edin Ba\u010di\u0107 Sada Avdi\u0107 Elvis Zenkovi\u0107 Taim \u010celi\u0107\u2026","rel":"","context":"Similar post","block_context":{"text":"Similar post","link":""},"img":{"alt_text":"","src":"https:\/\/i0.wp.com\/www.ofkbrdo.com\/Wordpress\/wp-content\/uploads\/2024\/12\/IMG_2132.webp?resize=350%2C200&ssl=1","width":350,"height":200,"srcset":"https:\/\/i0.wp.com\/www.ofkbrdo.com\/Wordpress\/wp-content\/uploads\/2024\/12\/IMG_2132.webp?resize=350%2C200&ssl=1 1x, https:\/\/i0.wp.com\/www.ofkbrdo.com\/Wordpress\/wp-content\/uploads\/2024\/12\/IMG_2132.webp?resize=525%2C300&ssl=1 1.5x, https:\/\/i0.wp.com\/www.ofkbrdo.com\/Wordpress\/wp-content\/uploads\/2024\/12\/IMG_2132.webp?resize=700%2C400&ssl=1 2x, https:\/\/i0.wp.com\/www.ofkbrdo.com\/Wordpress\/wp-content\/uploads\/2024\/12\/IMG_2132.webp?resize=1050%2C600&ssl=1 3x, https:\/\/i0.wp.com\/www.ofkbrdo.com\/Wordpress\/wp-content\/uploads\/2024\/12\/IMG_2132.webp?resize=1400%2C800&ssl=1 4x"},"classes":[]}],"_links":{"self":[{"href":"https:\/\/www.ofkbrdo.com\/Wordpress\/wp-json\/wp\/v2\/pages\/263","targetHints":{"allow":["GET"]}}],"collection":[{"href":"https:\/\/www.ofkbrdo.com\/Wordpress\/wp-json\/wp\/v2\/pages"}],"about":[{"href":"https:\/\/www.ofkbrdo.com\/Wordpress\/wp-json\/wp\/v2\/types\/page"}],"author":[{"embeddable":true,"href":"https:\/\/www.ofkbrdo.com\/Wordpress\/wp-json\/wp\/v2\/users\/1"}],"replies":[{"embeddable":true,"href":"https:\/\/www.ofkbrdo.com\/Wordpress\/wp-json\/wp\/v2\/comments?post=263"}],"version-history":[{"count":0,"href":"https:\/\/www.ofkbrdo.com\/Wordpress\/wp-json\/wp\/v2\/pages\/263\/revisions"}],"up":[{"embeddable":true,"href":"https:\/\/www.ofkbrdo.com\/Wordpress\/wp-json\/wp\/v2\/pages\/261"}],"wp:attachment":[{"href":"https:\/\/www.ofkbrdo.com\/Wordpress\/wp-json\/wp\/v2\/media?parent=263"}],"curies":[{"name":"wp","href":"https:\/\/api.w.org\/{rel}","templated":true}]}}