{"id":267,"date":"2020-01-15T22:54:05","date_gmt":"2020-01-15T21:54:05","guid":{"rendered":"http:\/\/www.ofkbrdo.com\/Wordpress\/?page_id=267"},"modified":"2025-01-08T19:04:37","modified_gmt":"2025-01-08T18:04:37","slug":"clanovi_kluba","status":"publish","type":"page","link":"https:\/\/www.ofkbrdo.com\/Wordpress\/clanovi_kluba\/","title":{"rendered":"\u010clanovi kluba 2024"},"content":{"rendered":"<h2 style=\"text-align: left;\">\u010clanovi kluba 2024\ud83d\udc99\ud83d\udc9b<\/h2>\n<h3>\ud83d\udccd\u010clanova: 210\ud83d\udcca<br \/>\n\ud83d\udccdDontora: 31 \ud83d\udcc8<br \/>\n\ud83d\udccdSponzori: 26 \ud83d\udccb<\/h3>\n<h4>\ud83c\udf9f 100 EUR<\/h4>\n<p>Muhi\u0107 Almir &#8211; \u0106ani<br \/>\nMuhi\u0107 Edvin<br \/>\nIslam\u010devi\u0107 Sanel &#8211; Gago<br \/>\n\u010celi\u0107 Amir<br \/>\nPa\u0111an Elvedin &#8211; Elvedo<br \/>\nIm\u0161irovi\u0107 Razim<br \/>\nIm\u0161irovi\u0107 Anel<br \/>\nAli\u0161i\u0107 Irfan<br \/>\nKadiri\u0107 Ne\u0107ko SWE<br \/>\nAvdi\u0107 Elvis<br \/>\n\u010cau\u0161evi\u0107 Samir<br \/>\nCeri\u0107 Edin<br \/>\n\u010celi\u0107 Ned\u017ead<br \/>\n\u010celi\u0107 Jasmin<br \/>\nKadiri\u0107 Ned\u017ead<br \/>\nBurni\u0107 Hidajet<br \/>\nBehli\u0107 Mehmed<br \/>\nMusi\u0107 Kasim<br \/>\nHopovac Mustafa<br \/>\nPa\u0111an Rizvanovi\u0107 Halida<br \/>\nPa\u0111an Eniz<br \/>\nFazli\u0107 Samir<br \/>\nNasi\u0107 Almedin<br \/>\nVukovi\u0107 Nihad<br \/>\nMuslimovi\u0107 Denis<br \/>\n\u010cau\u0161evi\u0107 Zikrija<br \/>\nHabibovi\u0107 Asim<br \/>\nHabibovi\u0107 Emir<br \/>\nHabibovi\u0107 Dino<br \/>\nBahonji\u0107 Admir<br \/>\nMedi\u0107 Mensur Menko<br \/>\nKadiri\u0107 \u0160erif<br \/>\nDedi\u0107 Dino<br \/>\nMedi\u0107 Ifet &#8211; \u0106uma<br \/>\nHabibovi\u0107 Suad<br \/>\nHalili\u0107 Izudin<br \/>\nMehmedagi\u0107 Mujo<br \/>\nD\u017eamastagi\u0107 Satko<br \/>\nHori\u0107 Abid 100 CHF<\/p>\n<h4 dir=\"auto\">\u010clanovi USA <span class=\"html-span xexx8yu x4uap5 x18d9i69 xkhd6sd x1hl2dhg x16tdsg8 x1vvkbs x3nfvp2 x1j61x8r x1fcty0u xdj266r xat24cr xgzva0m xhhsvwb xxymvpz xlup9mm x1kky2od\"><img decoding=\"async\" class=\"xz74otr\" src=\"https:\/\/static.xx.fbcdn.net\/images\/emoji.php\/v9\/t8d\/1\/16\/1f1fa_1f1f2.png\" alt=\"\ud83c\uddfa\ud83c\uddf2\" width=\"16\" height=\"16\"><\/span><\/h4>\n<div dir=\"auto\">\n<div dir=\"auto\">Brki\u0107 Ismet 100 $<\/div>\n<div dir=\"auto\">Modronja Sead, Bi\u0161\u0107ani 100 $<\/div>\n<div dir=\"auto\">Rizvanovi\u0107 Muharem, Bi\u0161\u0107ani 200 $<\/div>\n<div dir=\"auto\">Komi\u0107 Adnan, Bosanska Otoka 100 $<\/div>\n<div dir=\"auto\">Valjevac Samir, Bosanska Kostajnica 150 $<\/div>\n<div dir=\"auto\">Arifovi\u0107 Edin, Bijeljina 100 $<\/div>\n<div dir=\"auto\">Supuk Aiz-Zizi, Sanski Most 120 $<\/div>\n<div dir=\"auto\">Livadi\u0107 Senki, Br\u010dko 100 $<\/div>\n<div dir=\"auto\">Huski\u0107 Enad 200 $, Hambarine Detroit<\/div>\n<div dir=\"auto\">Krivdi\u0107 Suad-Bos. Dubica 100 $<\/div>\n<div dir=\"auto\">Hod\u017ei\u0107 Ajdin, Ljubija 500 $<\/div>\n<div dir=\"auto\">\u010cau\u0161evi\u0107 Arman, Hambarine 100 $<\/div>\n<div dir=\"auto\">Grga, Hambarine 200 $<\/div>\n<div dir=\"auto\">Crnki\u0107 Denis, Hambarine 100 $<\/div>\n<div dir=\"auto\">Crnki\u0107 Tofko i Dinka, Hambarine 100 $<\/div>\n<div dir=\"auto\">Memi\u0107 Hasan i Enisa, Hambarine 100 $<\/div>\n<div dir=\"auto\">Basinac Mujo i Anela, Hambarine 100 $<\/div>\n<div dir=\"auto\">Muhi\u0107 D\u017eevad, Hambarine 200 $<\/div>\n<div dir=\"auto\">Muhi\u0107 Emir, Hambarine 200 $<\/div>\n<div dir=\"auto\">Muhi\u0107 Asmir, Hambarine 100 $<\/div>\n<div dir=\"auto\">Kljaji\u0107 Nizam, \u010carakovo 100 $<\/div>\n<div dir=\"auto\">Melkic Elvis, Kozarac 100 $<\/div>\n<div dir=\"auto\">Had\u017ei\u0107 Edhem, Kevljani 100 $<\/div>\n<div dir=\"auto\">\u0110uma, Bosanski Novi 150 $<\/div>\n<div dir=\"auto\">Elma, Sarajevo 150 $<\/div>\n<div dir=\"auto\">Eki\u0107 Alisa, Bosanski Novi 50 $<\/div>\n<div dir=\"auto\">Genjac Munib-Eiba, Visoko 100 $<\/div>\n<div dir=\"auto\">Samir \u0160erifovi\u0107, Br\u010dko 100 $<\/div>\n<div dir=\"auto\">Tabakovi\u0107 Salem, V. Kladu\u0161a 50 $<\/div>\n<div dir=\"auto\">Gra\u010danin Mujo, V. Kladu\u0161a 100 $<\/div>\n<div dir=\"auto\">Jaki\u0107 Jasmin, V. Kladu\u0161a 100 $<\/div>\n<div dir=\"auto\">Halilovi\u0107 Advan, Te\u0161anj 100 $<\/div>\n<div dir=\"auto\">Orahovac D\u017eihan, Sarajevo 100 $<br \/>\nMatri\u0107 Muhamed Migo 100 $<br \/>\nKaragi\u0107 Izet 100 $<br \/>\nKaltak Faruk 100 $<\/div>\n<div dir=\"auto\">&nbsp;<\/div>\n<\/div>\n<h4>\ud83c\udfab50 EUR<\/h4>\n<p>Karagi\u0107 Fuad Kapa<br \/>\nHasanagi\u0107 Almin<br \/>\nNasi\u0107 Razim<br \/>\nBa\u010di\u0107 Haris<br \/>\nMujad\u017ei\u0107 Ferid<br \/>\nRizvanovi\u0107 Velid<br \/>\nNasi\u0107 Jasminka<br \/>\nNuhija Atif<br \/>\nDuratovi\u0107 Samir<br \/>\nDemirovi\u0107 Mesud Pajo<br \/>\nMehmedagi\u0107 Ferid Leka<br \/>\nDuratovi\u0107 Sanimir<br \/>\nTrepi\u0107 Denis<br \/>\nDedi\u0107 Rasim<br \/>\nTrepi\u0107 Sanel<br \/>\nPa\u0161i\u0107 Sakib<br \/>\nDuratovi\u0107 Elvir<br \/>\nDuratovi\u0107 Anita<br \/>\nDedi\u0107 Mehmed<br \/>\nDedi\u0107 Sulejman<br \/>\nDedi\u0107 Sanel<br \/>\nIslam\u010devi\u0107 Alma<br \/>\nMuslimovi\u0107 Almir<br \/>\nPa\u0111an Ajdin<br \/>\nDedi\u0107 Husein<br \/>\nHalilovi\u0107 Almir<br \/>\nPa\u0111an Anel<br \/>\nHamzi\u0107 Baris-Mujo<br \/>\n\u010cau\u0161evi\u0107 Edin<br \/>\nDR. SC. Tomislav Ga\u0161i\u0107<br \/>\nPoljak Hakija<br \/>\nPoljak Almir<br \/>\nKarupovi\u0107 Almin<br \/>\nKarupovi\u0107 Melisa<br \/>\nKarupovi\u0107 Aylan<br \/>\n\u0160vraka Hamed<br \/>\nFehratovi\u0107 Hasudin<br \/>\nRizvan\u010devi\u0107 Elvedin-Lelo<br \/>\nHod\u017ei\u0107 Amir<br \/>\nPa\u0161ali\u0107 Ha\u0161im<br \/>\nLjumanovi\u0107 Selmir<br \/>\nKadi\u0107 Jasmin<br \/>\nKadi\u0107 Elvir<br \/>\nKadi\u0107 Ermin<br \/>\nBehli\u0107 \u0160aban<br \/>\nBajri\u0107 Jasmin<br \/>\nRami\u0107 Said i Amira 50\u20ac + 50 KM<br \/>\nMujad\u017ei\u0107 Velid 50\u20ac+50KM<br \/>\nIslam\u010devi\u0107 Ned\u017ead<br \/>\nHod\u017ei\u0107 Mirzet<br \/>\nHopovac Dursum<br \/>\nKaragi\u0107 Fuad Kapa<br \/>\nDuratovi\u0107 Kemal Kemo<br \/>\nD\u017eamastagi\u0107 Osman<br \/>\nHod\u017ei\u0107 Amir<br \/>\n\u0160abanovi\u0107 Tarik<br \/>\nRizvanovi\u0107 Bekir &#8211; Beko<br \/>\n\u010coli\u0107 Vahid Vajta<br \/>\nNasi\u0107 Admir<br \/>\nKaltak Ned\u017ead &#8211; Nedo<br \/>\nRami\u0107 Said i Almira<br \/>\n\u010cau\u0161evi\u0107 Safet &#8211; Sajo<br \/>\nNasi\u0107 Ermin<br \/>\nNasi\u0107 Armin<br \/>\nNasi\u0107 Ernad<br \/>\nRizvanovi\u0107 Halid<\/p>\n<p>Crljenkovi\u0107 Mesud &#8211; Me\u0161a<\/p>\n<p>\ud83c\udfab20 EUR<\/p>\n<p>Islam\u010devi\u0107 Nejla<br \/>\nIslam\u010devic Hana<\/p>\n<h4>\ud83c\udf9f100 KM<\/h4>\n<p>Cikoti\u0107 Munir<br \/>\nPa\u0111an Edin<br \/>\n\u0160vraka Abdulah Dule<br \/>\nDuratovi\u0107 Asmir A\u0107i<br \/>\nMusi\u0107 Sabahudin Budo<br \/>\nMulali\u0107 \u0106azim<br \/>\nMulali\u0107 Jasmin<br \/>\n\u0106ulum Esad<br \/>\n\u010cau\u0161evi\u0107 Alija<br \/>\nDergi\u0107 \u0106amil<br \/>\nBudimli\u0107 Denis<br \/>\nMujki\u0107 Fajko<br \/>\nHati\u0107 Boban<br \/>\nCimiroti\u0107 Samir<br \/>\nRakovi\u0107 Edin<br \/>\n\u0160abi\u0107 Sejad<br \/>\nDedi\u0107 Samir Sam\u0107o<br \/>\nBenjamin efendija Hod\u017ei\u0107<br \/>\nMirza efendija Alki\u0107<br \/>\nDedi\u0107 D\u017eevad<br \/>\nDuratovi\u0107 Zlatan Zlaja<br \/>\nTrepi\u0107 Sulejman Sule<br \/>\nBrki\u0107 Emin<br \/>\nDedi\u0107 Elvedin-UNO<br \/>\nNuhi\u0107 Nijaz i Mersiha<br \/>\nDuratovi\u0107 Bego<br \/>\nMedi\u0107 Dejan<br \/>\nAli\u015dkovi\u0107 Mujkanovi\u0107 Mediha<br \/>\nKardumovi\u0107 Anel<br \/>\nHamuli\u0107 Ermin<br \/>\nPoljak Nail<br \/>\nFiki\u0107 Rijad<br \/>\n\u010cau\u0161evi\u0107 Saladin<br \/>\nHandanagi\u0107 Enes<br \/>\nHandanagi\u0107 Ibrahim<br \/>\nRami\u0107 Adnan<br \/>\nMusi\u0107 Haris<br \/>\nMusi\u0107 Senadin<br \/>\nFazlagi\u0107 Dalila<br \/>\nHabibovi\u0107 Emsud<br \/>\n\u010cau\u0161evi\u0107 Mustafa<br \/>\nNasi\u0107 Arnel<br \/>\nRami\u0107 Midhad<br \/>\nHopovac Amar<br \/>\n\u0160abanovi\u0107 Nihad<br \/>\n\u0160vraka Admir &#8211; Ferta<br \/>\nFiki\u0107 Rijad &#8211; Riki<br \/>\n\u010cau\u0161evi\u0107 Orhan<br \/>\nSikiri\u0107 Nizam<br \/>\nSikiri\u0107 Demir<br \/>\nHabibovi\u0107 Edin<br \/>\nKudi\u0107 Ilfan 200 KM<br \/>\nJuji\u0107 Alen 200 KM<br \/>\nRami\u0107 Amer<br \/>\nDuratovi\u0107 Sead<br \/>\nPa\u0111an Senad<br \/>\nKudi\u0107 Ilfan x2<br \/>\nJuji\u0107 Alen x2<br \/>\nMedi\u0107 Zakir x2<\/p>\n<h4>\ud83c\udfab 50 KM<\/h4>\n<p>Nasi\u0107 Mirsad<br \/>\nNasi\u0107 Ermin &#8211; \u0106asa<br \/>\nNasi\u0107 Emira<br \/>\nBrki\u0107 Yanis<br \/>\nBrki\u0107 Melvin<br \/>\nHad\u017eiosmanagi\u0107 Jasmin &#8211; Minja<br \/>\nMenkovi\u0107 Ilijas<br \/>\nAvdi\u0107 Adem<br \/>\nHamuli\u0107 Smail<br \/>\nRami\u0107 Said i Almira<\/p>\n<p>\ud83d\udccd\u010clanova: 210 \ud83d\udcca<br \/>\n\ud83d\udccdDonatora: 31 \ud83d\udcc8<br \/>\n\ud83d\udccdSponzori: 26 \ud83d\udccb<\/p>\n<p>\ud83c\udd70\ufe0fAktualizirano 27.12.2024<\/p>\n<h3>\u26bd\ufe0f\u26bd\ufe0f\u26bd\ufe0f\u26bd\ufe0f\u26bd\ufe0f\u26bd\ufe0f\u26bd\ufe0f\u26bd\ufe0f\u26bd\ufe0f\u26bd\ufe0f<br \/>\nDONACIJE ZA<br \/>\n\ud83c\udfdf OFK BRDO \ud83c\udfdf<\/h3>\n<div dir=\"auto\">Muhi\u0107 Almir \u0106ani 1.100 \u20ac<\/div>\n<div dir=\"auto\">Islam\u010devi\u0107 Sanel Gago 1.150 \u20ac<\/div>\n<div dir=\"auto\">Hosting paket za stranicu OFK Brdo<\/div>\n<div dir=\"auto\">Dedi\u0107 Dino 115 \u20ac<\/div>\n<div dir=\"auto\">Musi\u0107 Osman 500 KM<\/div>\n<div dir=\"auto\">\u0160vraka Abdulah Dule 100 KM<\/div>\n<div dir=\"auto\">Aladin Sije\u010di\u0107 Foundation 100 \u20ac<\/div>\n<div dir=\"auto\">Nasi\u0107 Amir 200 \u20ac<\/div>\n<div dir=\"auto\">Taji\u0107 Amir 700 \u20ac<\/div>\n<div dir=\"auto\">Im\u0161irovi\u0107 Ismet 200 \u20ac\/200 KM<\/div>\n<div dir=\"auto\">RESTORAN \u0106ORDA 200 KM<\/div>\n<div dir=\"auto\">Ba\u0161i\u0107 Edin 50 \u20ac<\/div>\n<div dir=\"auto\">Siljkovi\u0107 Sejfo 600 KM<\/div>\n<div dir=\"auto\">Habibovi\u0107 Damir 50 \u20ac<\/div>\n<div dir=\"auto\">Karupovi\u0107 Almin Ale 110 \u20ac<\/div>\n<div dir=\"auto\">Ceri\u0107 Edin i PRIJATELJI 200 \u20ac<\/div>\n<div dir=\"auto\">Karupovi\u0107 Ismet 50 \u20ac<\/div>\n<div dir=\"auto\">Braki\u0107 Sifet 50 \u20ac<\/div>\n<div dir=\"auto\">Deki\u0107 D\u017ean 100 KM<\/div>\n<div dir=\"auto\">\u010cau\u015devi\u0107 Azmir 1.000 $<br \/>\nDuratovi\u0107 Merima 20 KM<br \/>\nKarl Michael Charli 50 \u20ac<br \/>\nKaragi\u0107 Fuad Kapa 50 \u20ac<br \/>\n\u0160vraka Emira 50 CHF<br \/>\nCeri\u0107 Munib 600 KM<\/div>\n<div dir=\"auto\">Musi\u0107 Kasim 100 CHF<\/div>\n<div dir=\"auto\">\u0160abanovi\u0107 Faruk &#8211; Mara 50 Eur<\/div>\n<div dir=\"auto\">Pa\u0111an Elvedin 400 KM<br \/>\n\u010cau\u0161evi\u0107 Samir 1000 Eur<\/div>\n<div dir=\"auto\">Zubovi\u0107 Husein 3000$<\/div>\n<h3>\u26bd\ufe0f\ud83c\udde7\ud83c\udde6<br \/>\nPrijatelji i sponzori kluba 2023\/24<\/h3>\n<div dir=\"auto\">LIM PROFI<\/div>\n<div dir=\"auto\">MM izgradnja<\/div>\n<div dir=\"auto\">Mesnica \u010celi\u0107<\/div>\n<div dir=\"auto\">AZRA Kafa<\/div>\n<div dir=\"auto\">CS Impresa Edile \u010cau\u0161evi\u0107 Samir<\/div>\n<div dir=\"auto\">EDNA Metalworking<\/div>\n<div dir=\"auto\">Taji\u0107 Handels GmbH<\/div>\n<div dir=\"auto\">Windoo Nasi\u0107 KG<\/div>\n<div dir=\"auto\">Vodafone &#8211; Duratovi\u0107 Emir<\/div>\n<div dir=\"auto\">Qvantum ENERGI<\/div>\n<div dir=\"auto\">POOLWORX Bu\u017eim<\/div>\n<div dir=\"auto\">Juventa &#8211; sportska oprema<\/div>\n<div dir=\"auto\">SARAJEVO, Ferizovi\u0107 &#8211; suhomesnati proizvodi<\/div>\n<div dir=\"auto\">Begovi\u0107 voda i grijanje<\/div>\n<div dir=\"auto\">SEMKO, Semi\u0107 Edin &#8211; suhomesnti proizvodi<\/div>\n<div dir=\"auto\">HF &#8211; KFZ Fehratovi\u0107<\/div>\n<div dir=\"auto\">LUX LED SIGNAGE BiH<\/div>\n<div dir=\"auto\">Motel Le Pont<br \/>\nBlumen &amp; mehr-Brica Safija<br \/>\nSPM Spenglerei Avdic Damir<\/div>\n<div dir=\"auto\">BH Telecom<\/div>\n<div dir=\"auto\">Dental Ceri\u0107 &#8211; Dr. Amir Ceri\u0107<\/div>\n<div dir=\"auto\">Restoran \u0106orda &#8211; Taim Zenkovi\u0107<\/div>\n<div dir=\"auto\">Restoran &#8220;D\u017eeda&#8221; &#8211; Almir Suljanovi\u0107<br \/>\nHOT Kitchen Prijedor<\/div>\n<div dir=\"auto\">IMI Tranzit Prijedor<\/div>\n<div dir=\"auto\">Stara Tepsija &#8211; Sanimir Memi\u0107<\/div>\n<div dir=\"auto\">Gramer Ljubija<\/div>\n<div dir=\"auto\">Roundliner BiH d.o.o.<\/div>\n<div dir=\"auto\">&nbsp;<\/div>\n<h3>\u26bd\ufe0f\ud83c\udde7\ud83c\udde6<br \/>\nDonacije za takmicenja<br \/>\npionira i kadeta:<\/h3>\n<p>&nbsp;<\/p>\n<p>Ukoliko \u017eelite postati \u010dlan Omladinskog fudbalskog kluba Brdo javite se Amiru \u010celi\u0107u vlasniku mesnice u Hambarinama ili kod Suada (Alin) Pa\u0161i\u0107 na stadionu Vedro polje. Vi\u0161e informacija kliknite <a href=\"https:\/\/wp.me\/pevKtx-1W7\" target=\"_blank\" rel=\"noopener\">OVDJE<\/a><\/p>\n<p>OFK BRDO Transakcijski racun: 5520210001842228 (Addiko bank)<\/p>\n<p>Uplate se mogu uraditi i preko HO Humano Brdo 2010<br \/>\nUplate Putem \u017eiro-ra\u010duna\u2028Humano Brdo&nbsp;\u2028Banka : Oberbank Traun\u2028IBAN: AT 901500300761068915\u2028BIC\/Swift: OBKLAT2L<br \/>\nPay Pal: humano.brdo@live.at\u2028Svrha: C\u030clanske karta<\/p>\n<p>Pos\u030ctovani navijac\u030ci, simpatizeri i prijatelji OFK Brda, veoma je vaz\u030cno da postanete dio ekipe koja na ovaj nac\u030cin pruz\u030ca pomoc\u0301 voljenom klubu.<\/p>\n<p>C\u030cekamo vas\u030ce pozive, c\u030clanskih karata ima dovoljno za sve.<br \/>\n\u2026jer Brdo z\u030civot znac\u030ci!<\/p>\n","protected":false},"excerpt":{"rendered":"<p>\u010clanovi kluba 2024\ud83d\udc99\ud83d\udc9b \ud83d\udccd\u010clanova: 210\ud83d\udcca \ud83d\udccdDontora: 31 \ud83d\udcc8 \ud83d\udccdSponzori: 26 \ud83d\udccb \ud83c\udf9f 100 EUR Muhi\u0107 Almir &#8211; \u0106ani Muhi\u0107 Edvin Islam\u010devi\u0107 Sanel &#8211; Gago \u010celi\u0107 Amir Pa\u0111an Elvedin &#8211; Elvedo Im\u0161irovi\u0107 Razim Im\u0161irovi\u0107 Anel Ali\u0161i\u0107 Irfan Kadiri\u0107 Ne\u0107ko SWE Avdi\u0107 Elvis \u010cau\u0161evi\u0107 Samir Ceri\u0107 Edin \u010celi\u0107 Ned\u017ead \u010celi\u0107 Jasmin Kadiri\u0107 Ned\u017ead Burni\u0107 Hidajet Behli\u0107 Mehmed [&hellip;]<\/p>\n","protected":false},"author":1,"featured_media":7450,"parent":0,"menu_order":0,"comment_status":"closed","ping_status":"closed","template":"","meta":{"ngg_post_thumbnail":0,"footnotes":""},"class_list":["post-267","page","type-page","status-publish","has-post-thumbnail","hentry"],"jetpack_sharing_enabled":true,"jetpack_likes_enabled":true,"jetpack_shortlink":"https:\/\/wp.me\/PevKtx-4j","jetpack-related-posts":[{"id":5064,"url":"https:\/\/www.ofkbrdo.com\/Wordpress\/spisak-clanova-2022\/","url_meta":{"origin":267,"position":0},"title":"Spisak \u010dlanova OFK BRDO 2022","author":"admin","date":"30. March 2022","format":false,"excerpt":"100 EUR Karagi\u0107 Fuad \u2013 Kapa Medi\u0107 Ifet Avdi\u0107 Elvis Muslimovi\u0107 Denis Im\u0161irovi\u0107 Razim Im\u0161irovi\u0107 Anel Ali\u0161i\u0107 Irfan Kadiri\u0107 Ned\u017ead \u2013 Ne\u0107ko Ba\u010di\u0107 Naser \u010celi\u0107 Amir \u010celi\u0107 Ned\u017ead Poljak Timka i Eso \u010cau\u0161evi\u0107 Samir Ceri\u0107 Edin Mujad\u017ei\u0107 Ferid Krupovi\u0107 Ajdin Muhi\u0107 Almir \u2013 \u0106ani Muhi\u0107 Edvin Hegi\u0107 Armin Sikir\u0107 Nizam\u2026","rel":"","context":"Similar post","block_context":{"text":"Similar post","link":""},"img":{"alt_text":"","src":"https:\/\/i0.wp.com\/www.ofkbrdo.com\/Wordpress\/wp-content\/uploads\/2020\/06\/cropped-cropped-cropped-cropped-cropped-cropped-transparentlogo2-1-1.png?fit=512%2C512&ssl=1&resize=350%2C200","width":350,"height":200},"classes":[]},{"id":8605,"url":"https:\/\/www.ofkbrdo.com\/Wordpress\/clanovi-kluba-2025\/","url_meta":{"origin":267,"position":1},"title":"\u010clanovi Kluba 2025","author":"admin","date":"8. January 2025","format":false,"excerpt":"\u00a0 \u010clanovi kluba 2025\ud83d\udc99\ud83d\udc9b \ud83d\udccd\u010clanova: 136 \ud83d\udcca \ud83d\udccdDontora: 100 \ud83d\udcc8 \ud83d\udccdSponzori: 35\ud83d\udccb \ud83c\udf9f 100 EUR Muhi\u0107 Almir - \u0106ani Muhi\u0107 Edvin Muslimovi\u0107 Denis Islam\u010devi\u0107 Sanel - GAGO Im\u0161irovi\u0107 Anel Im\u0161irovi\u0107 Razim Im\u0161irovi\u0107 Ismet Im\u0161irovi\u0107 Haris Im\u0161irovi\u0107 Denis Kadiri\u0107 Ned\u017ead Ali\u0161i\u0107 Irfo Ceri\u0107 Edin Ba\u010di\u0107 Sada Avdi\u0107 Elvis Zenkovi\u0107 Taim \u010celi\u0107\u2026","rel":"","context":"Similar post","block_context":{"text":"Similar post","link":""},"img":{"alt_text":"","src":"https:\/\/i0.wp.com\/www.ofkbrdo.com\/Wordpress\/wp-content\/uploads\/2024\/12\/IMG_2132.webp?resize=350%2C200&ssl=1","width":350,"height":200,"srcset":"https:\/\/i0.wp.com\/www.ofkbrdo.com\/Wordpress\/wp-content\/uploads\/2024\/12\/IMG_2132.webp?resize=350%2C200&ssl=1 1x, https:\/\/i0.wp.com\/www.ofkbrdo.com\/Wordpress\/wp-content\/uploads\/2024\/12\/IMG_2132.webp?resize=525%2C300&ssl=1 1.5x, https:\/\/i0.wp.com\/www.ofkbrdo.com\/Wordpress\/wp-content\/uploads\/2024\/12\/IMG_2132.webp?resize=700%2C400&ssl=1 2x, https:\/\/i0.wp.com\/www.ofkbrdo.com\/Wordpress\/wp-content\/uploads\/2024\/12\/IMG_2132.webp?resize=1050%2C600&ssl=1 3x, https:\/\/i0.wp.com\/www.ofkbrdo.com\/Wordpress\/wp-content\/uploads\/2024\/12\/IMG_2132.webp?resize=1400%2C800&ssl=1 4x"},"classes":[]},{"id":265,"url":"https:\/\/www.ofkbrdo.com\/Wordpress\/mi-smo-ofk-brdo\/organi-kluba\/","url_meta":{"origin":267,"position":2},"title":"Organi kluba","author":"admin","date":"15. January 2020","format":false,"excerpt":"Predsjednik kluba: Naser Ba\u010di\u0107, 065-231 058Predsjednik skup\u0161tine: Amir \u010celi\u0107, 062-926 783Sekretar: Mirza Alki\u0107, 061-426 884Blagajnik: Amir Duratovi\u0107, 066-341 516Blagajnik: Benjamin Kadiri\u0107, 065-603 088 \u010clanovi Upravnog odbora: Mujo Mehmedagi\u0107 Suad Pa\u0161i\u0107 Anel Hamuli\u0107 Edin Pa\u0111an Nermin Pa\u0111an Naser Ba\u010di\u0107 Amir \u010celi\u0107 Amir Duratovi\u0107 Benjamin Kadiri\u0107 Nihad Dedi\u0107 Elvedin Hori\u0107","rel":"","context":"Similar post","block_context":{"text":"Similar post","link":""},"img":{"alt_text":"","src":"","width":0,"height":0},"classes":[]},{"id":271,"url":"https:\/\/www.ofkbrdo.com\/Wordpress\/mi-smo-ofk-brdo\/kontakt\/","url_meta":{"origin":267,"position":3},"title":"Kontakt","author":"admin","date":"15. January 2020","format":false,"excerpt":"Omladinski fudbalski klub BRDO Adresa: Sarajevska bb, 79101 Hambarine \u2013 Prijedor Predsjednik kluba:\u00a0Kaltak Merfin Sekretar:\u00a0Mirza Alki\u0107, 061-426 884 Blagajnik:\u00a0Senudin Safic Blagajnik:\u00a0Benjamin Kadiri\u0107, 065-603 088 \u00a0 Treneri 2020\/21: A- tim: Mirza Alki\u0107, 061-426 884 Omladinske selekcije: Mirza Alki\u0107, 061-426 884 \u0110ug Admir \u00a0","rel":"","context":"Similar post","block_context":{"text":"Similar post","link":""},"img":{"alt_text":"","src":"","width":0,"height":0},"classes":[]}],"_links":{"self":[{"href":"https:\/\/www.ofkbrdo.com\/Wordpress\/wp-json\/wp\/v2\/pages\/267","targetHints":{"allow":["GET"]}}],"collection":[{"href":"https:\/\/www.ofkbrdo.com\/Wordpress\/wp-json\/wp\/v2\/pages"}],"about":[{"href":"https:\/\/www.ofkbrdo.com\/Wordpress\/wp-json\/wp\/v2\/types\/page"}],"author":[{"embeddable":true,"href":"https:\/\/www.ofkbrdo.com\/Wordpress\/wp-json\/wp\/v2\/users\/1"}],"replies":[{"embeddable":true,"href":"https:\/\/www.ofkbrdo.com\/Wordpress\/wp-json\/wp\/v2\/comments?post=267"}],"version-history":[{"count":7,"href":"https:\/\/www.ofkbrdo.com\/Wordpress\/wp-json\/wp\/v2\/pages\/267\/revisions"}],"predecessor-version":[{"id":8604,"href":"https:\/\/www.ofkbrdo.com\/Wordpress\/wp-json\/wp\/v2\/pages\/267\/revisions\/8604"}],"wp:featuredmedia":[{"embeddable":true,"href":"https:\/\/www.ofkbrdo.com\/Wordpress\/wp-json\/wp\/v2\/media\/7450"}],"wp:attachment":[{"href":"https:\/\/www.ofkbrdo.com\/Wordpress\/wp-json\/wp\/v2\/media?parent=267"}],"curies":[{"name":"wp","href":"https:\/\/api.w.org\/{rel}","templated":true}]}}