{"id":271,"date":"2020-01-15T22:54:56","date_gmt":"2020-01-15T21:54:56","guid":{"rendered":"http:\/\/www.ofkbrdo.com\/Wordpress\/?page_id=271"},"modified":"2025-01-09T22:05:33","modified_gmt":"2025-01-09T21:05:33","slug":"kontakt","status":"publish","type":"page","link":"https:\/\/www.ofkbrdo.com\/Wordpress\/mi-smo-ofk-brdo\/kontakt\/","title":{"rendered":"Kontakt"},"content":{"rendered":"\r\n<p><strong>Omladinski fudbalski klub BRDO<\/strong><\/p>\r\n\r\n\r\n\r\n<p>Adresa: Sarajevska bb, 79101 Hambarine \u2013 Prijedor<\/p>\r\n\r\n\r\n\r\n<ul class=\"wp-block-list\">\r\n<li><strong>Predsjednik kluba:&nbsp;<\/strong>Kaltak Merfin<\/li>\r\n<li><strong>Sekretar:&nbsp;<\/strong>Mirza Alki\u0107, 061-426 884<\/li>\r\n<li><strong>Blagajnik:&nbsp;<\/strong>Senudin Safic<\/li>\r\n<li><strong>Blagajnik:<\/strong>&nbsp;Benjamin Kadiri\u0107, 065-603 088<\/li>\r\n<\/ul>\r\n\r\n\r\n\r\n<p>&nbsp;<\/p>\r\n\r\n\r\n\r\n<p><strong>Treneri 2020\/21: <\/strong><\/p>\r\n\r\n\r\n\r\n<p><strong>A- tim: <\/strong><\/p>\r\n\r\n\r\n\r\n<p>Mirza Alki\u0107, 061-426 884<\/p>\r\n\r\n\r\n\r\n<p><strong>Omladinske selekcije: <\/strong><\/p>\r\n\r\n\r\n\r\n<p>Mirza Alki\u0107, 061-426 884<\/p>\r\n<p>\u0110ug Admir<\/p>\r\n\r\n\r\n\r\n\r\n\r\n\r\n\r\n\r\n\r\n<p>&nbsp;<\/p>\r\n","protected":false},"excerpt":{"rendered":"<p>Omladinski fudbalski klub BRDO Adresa: Sarajevska bb, 79101 Hambarine \u2013 Prijedor Predsjednik kluba:&nbsp;Kaltak Merfin Sekretar:&nbsp;Mirza Alki\u0107, 061-426 884 Blagajnik:&nbsp;Senudin Safic Blagajnik:&nbsp;Benjamin Kadiri\u0107, 065-603 088 &nbsp; Treneri 2020\/21: A- tim: Mirza Alki\u0107, 061-426 884 Omladinske selekcije: Mirza Alki\u0107, 061-426 884 \u0110ug Admir &nbsp;<\/p>\n","protected":false},"author":1,"featured_media":0,"parent":261,"menu_order":0,"comment_status":"closed","ping_status":"closed","template":"","meta":{"ngg_post_thumbnail":0,"footnotes":""},"class_list":["post-271","page","type-page","status-publish","hentry"],"jetpack_sharing_enabled":true,"jetpack_likes_enabled":true,"jetpack_shortlink":"https:\/\/wp.me\/PevKtx-4n","jetpack-related-posts":[{"id":265,"url":"https:\/\/www.ofkbrdo.com\/Wordpress\/mi-smo-ofk-brdo\/organi-kluba\/","url_meta":{"origin":271,"position":0},"title":"Organi kluba","author":"admin","date":"15. January 2020","format":false,"excerpt":"Predsjednik kluba: Naser Ba\u010di\u0107, 065-231 058Predsjednik skup\u0161tine: Amir \u010celi\u0107, 062-926 783Sekretar: Mirza Alki\u0107, 061-426 884Blagajnik: Amir Duratovi\u0107, 066-341 516Blagajnik: Benjamin Kadiri\u0107, 065-603 088 \u010clanovi Upravnog odbora: Mujo Mehmedagi\u0107 Suad Pa\u0161i\u0107 Anel Hamuli\u0107 Edin Pa\u0111an Nermin Pa\u0111an Naser Ba\u010di\u0107 Amir \u010celi\u0107 Amir Duratovi\u0107 Benjamin Kadiri\u0107 Nihad Dedi\u0107 Elvedin Hori\u0107","rel":"","context":"Similar post","block_context":{"text":"Similar post","link":""},"img":{"alt_text":"","src":"","width":0,"height":0},"classes":[]},{"id":267,"url":"https:\/\/www.ofkbrdo.com\/Wordpress\/clanovi_kluba\/","url_meta":{"origin":271,"position":1},"title":"\u010clanovi kluba 2024","author":"admin","date":"15. January 2020","format":false,"excerpt":"\u010clanovi kluba 2024\ud83d\udc99\ud83d\udc9b \ud83d\udccd\u010clanova: 210\ud83d\udcca \ud83d\udccdDontora: 31 \ud83d\udcc8 \ud83d\udccdSponzori: 26 \ud83d\udccb \ud83c\udf9f 100 EUR Muhi\u0107 Almir - \u0106ani Muhi\u0107 Edvin Islam\u010devi\u0107 Sanel - Gago \u010celi\u0107 Amir Pa\u0111an Elvedin - Elvedo Im\u0161irovi\u0107 Razim Im\u0161irovi\u0107 Anel Ali\u0161i\u0107 Irfan Kadiri\u0107 Ne\u0107ko SWE Avdi\u0107 Elvis \u010cau\u0161evi\u0107 Samir Ceri\u0107 Edin \u010celi\u0107 Ned\u017ead \u010celi\u0107 Jasmin Kadiri\u0107\u2026","rel":"","context":"Similar post","block_context":{"text":"Similar post","link":""},"img":{"alt_text":"\u010clanovi kluba","src":"https:\/\/i0.wp.com\/www.ofkbrdo.com\/Wordpress\/wp-content\/uploads\/2024\/01\/IMG_5501-e1717487068393.jpeg?fit=1046%2C577&ssl=1&resize=350%2C200","width":350,"height":200,"srcset":"https:\/\/i0.wp.com\/www.ofkbrdo.com\/Wordpress\/wp-content\/uploads\/2024\/01\/IMG_5501-e1717487068393.jpeg?fit=1046%2C577&ssl=1&resize=350%2C200 1x, https:\/\/i0.wp.com\/www.ofkbrdo.com\/Wordpress\/wp-content\/uploads\/2024\/01\/IMG_5501-e1717487068393.jpeg?fit=1046%2C577&ssl=1&resize=525%2C300 1.5x, https:\/\/i0.wp.com\/www.ofkbrdo.com\/Wordpress\/wp-content\/uploads\/2024\/01\/IMG_5501-e1717487068393.jpeg?fit=1046%2C577&ssl=1&resize=700%2C400 2x"},"classes":[]},{"id":8605,"url":"https:\/\/www.ofkbrdo.com\/Wordpress\/clanovi-kluba-2025\/","url_meta":{"origin":271,"position":2},"title":"\u010clanovi Kluba 2025","author":"admin","date":"8. January 2025","format":false,"excerpt":"\u00a0 \u010clanovi kluba 2025\ud83d\udc99\ud83d\udc9b \ud83d\udccd\u010clanova: 136 \ud83d\udcca \ud83d\udccdDontora: 100 \ud83d\udcc8 \ud83d\udccdSponzori: 35\ud83d\udccb \ud83c\udf9f 100 EUR Muhi\u0107 Almir - \u0106ani Muhi\u0107 Edvin Muslimovi\u0107 Denis Islam\u010devi\u0107 Sanel - GAGO Im\u0161irovi\u0107 Anel Im\u0161irovi\u0107 Razim Im\u0161irovi\u0107 Ismet Im\u0161irovi\u0107 Haris Im\u0161irovi\u0107 Denis Kadiri\u0107 Ned\u017ead Ali\u0161i\u0107 Irfo Ceri\u0107 Edin Ba\u010di\u0107 Sada Avdi\u0107 Elvis Zenkovi\u0107 Taim \u010celi\u0107\u2026","rel":"","context":"Similar post","block_context":{"text":"Similar post","link":""},"img":{"alt_text":"","src":"https:\/\/i0.wp.com\/www.ofkbrdo.com\/Wordpress\/wp-content\/uploads\/2024\/12\/IMG_2132.webp?resize=350%2C200&ssl=1","width":350,"height":200,"srcset":"https:\/\/i0.wp.com\/www.ofkbrdo.com\/Wordpress\/wp-content\/uploads\/2024\/12\/IMG_2132.webp?resize=350%2C200&ssl=1 1x, https:\/\/i0.wp.com\/www.ofkbrdo.com\/Wordpress\/wp-content\/uploads\/2024\/12\/IMG_2132.webp?resize=525%2C300&ssl=1 1.5x, https:\/\/i0.wp.com\/www.ofkbrdo.com\/Wordpress\/wp-content\/uploads\/2024\/12\/IMG_2132.webp?resize=700%2C400&ssl=1 2x, https:\/\/i0.wp.com\/www.ofkbrdo.com\/Wordpress\/wp-content\/uploads\/2024\/12\/IMG_2132.webp?resize=1050%2C600&ssl=1 3x, https:\/\/i0.wp.com\/www.ofkbrdo.com\/Wordpress\/wp-content\/uploads\/2024\/12\/IMG_2132.webp?resize=1400%2C800&ssl=1 4x"},"classes":[]}],"_links":{"self":[{"href":"https:\/\/www.ofkbrdo.com\/Wordpress\/wp-json\/wp\/v2\/pages\/271","targetHints":{"allow":["GET"]}}],"collection":[{"href":"https:\/\/www.ofkbrdo.com\/Wordpress\/wp-json\/wp\/v2\/pages"}],"about":[{"href":"https:\/\/www.ofkbrdo.com\/Wordpress\/wp-json\/wp\/v2\/types\/page"}],"author":[{"embeddable":true,"href":"https:\/\/www.ofkbrdo.com\/Wordpress\/wp-json\/wp\/v2\/users\/1"}],"replies":[{"embeddable":true,"href":"https:\/\/www.ofkbrdo.com\/Wordpress\/wp-json\/wp\/v2\/comments?post=271"}],"version-history":[{"count":2,"href":"https:\/\/www.ofkbrdo.com\/Wordpress\/wp-json\/wp\/v2\/pages\/271\/revisions"}],"predecessor-version":[{"id":8639,"href":"https:\/\/www.ofkbrdo.com\/Wordpress\/wp-json\/wp\/v2\/pages\/271\/revisions\/8639"}],"up":[{"embeddable":true,"href":"https:\/\/www.ofkbrdo.com\/Wordpress\/wp-json\/wp\/v2\/pages\/261"}],"wp:attachment":[{"href":"https:\/\/www.ofkbrdo.com\/Wordpress\/wp-json\/wp\/v2\/media?parent=271"}],"curies":[{"name":"wp","href":"https:\/\/api.w.org\/{rel}","templated":true}]}}