{"id":8605,"date":"2025-01-08T19:11:30","date_gmt":"2025-01-08T18:11:30","guid":{"rendered":"https:\/\/www.ofkbrdo.com\/Wordpress\/?page_id=8605"},"modified":"2025-11-06T16:53:34","modified_gmt":"2025-11-06T15:53:34","slug":"clanovi-kluba-2025","status":"publish","type":"page","link":"https:\/\/www.ofkbrdo.com\/Wordpress\/clanovi-kluba-2025\/","title":{"rendered":"\u010clanovi Kluba 2025"},"content":{"rendered":"<h2>&nbsp;<\/h2>\n<h2><img data-recalc-dims=\"1\" fetchpriority=\"high\" decoding=\"async\" data-attachment-id=\"8539\" data-permalink=\"https:\/\/www.ofkbrdo.com\/Wordpress\/clanska-karta-2025\/img_2132\/\" data-orig-file=\"https:\/\/i0.wp.com\/www.ofkbrdo.com\/Wordpress\/wp-content\/uploads\/2024\/12\/IMG_2132.webp?fit=1600%2C883&amp;ssl=1\" data-orig-size=\"1600,883\" data-comments-opened=\"0\" data-image-meta=\"{&quot;aperture&quot;:&quot;0&quot;,&quot;credit&quot;:&quot;&quot;,&quot;camera&quot;:&quot;&quot;,&quot;caption&quot;:&quot;&quot;,&quot;created_timestamp&quot;:&quot;0&quot;,&quot;copyright&quot;:&quot;&quot;,&quot;focal_length&quot;:&quot;0&quot;,&quot;iso&quot;:&quot;0&quot;,&quot;shutter_speed&quot;:&quot;0&quot;,&quot;title&quot;:&quot;&quot;,&quot;orientation&quot;:&quot;1&quot;}\" data-image-title=\"IMG_2132\" data-image-description=\"\" data-image-caption=\"\" data-large-file=\"https:\/\/i0.wp.com\/www.ofkbrdo.com\/Wordpress\/wp-content\/uploads\/2024\/12\/IMG_2132.webp?fit=640%2C353&amp;ssl=1\" class=\"aligncenter size-full wp-image-8539\" src=\"https:\/\/i0.wp.com\/www.ofkbrdo.com\/Wordpress\/wp-content\/uploads\/2024\/12\/IMG_2132.webp?resize=640%2C353&#038;ssl=1\" alt=\"\" width=\"640\" height=\"353\" srcset=\"https:\/\/i0.wp.com\/www.ofkbrdo.com\/Wordpress\/wp-content\/uploads\/2024\/12\/IMG_2132.webp?w=1600&amp;ssl=1 1600w, https:\/\/i0.wp.com\/www.ofkbrdo.com\/Wordpress\/wp-content\/uploads\/2024\/12\/IMG_2132.webp?resize=300%2C166&amp;ssl=1 300w, https:\/\/i0.wp.com\/www.ofkbrdo.com\/Wordpress\/wp-content\/uploads\/2024\/12\/IMG_2132.webp?resize=1024%2C565&amp;ssl=1 1024w, https:\/\/i0.wp.com\/www.ofkbrdo.com\/Wordpress\/wp-content\/uploads\/2024\/12\/IMG_2132.webp?resize=768%2C424&amp;ssl=1 768w, https:\/\/i0.wp.com\/www.ofkbrdo.com\/Wordpress\/wp-content\/uploads\/2024\/12\/IMG_2132.webp?resize=1536%2C848&amp;ssl=1 1536w, https:\/\/i0.wp.com\/www.ofkbrdo.com\/Wordpress\/wp-content\/uploads\/2024\/12\/IMG_2132.webp?w=1280&amp;ssl=1 1280w\" sizes=\"(max-width: 640px) 100vw, 640px\" \/><\/h2>\n<h2>\u010clanovi kluba 2025\ud83d\udc99\ud83d\udc9b<\/h2>\n<h3>\ud83d\udccd\u010clanova: 136 \ud83d\udcca<br \/>\n\ud83d\udccdDontora: 100 \ud83d\udcc8<br \/>\n\ud83d\udccdSponzori: 35\ud83d\udccb<\/h3>\n<h4>\ud83c\udf9f 100 EUR<\/h4>\n<p>Muhi\u0107 Almir &#8211; \u0106ani<br \/>\nMuhi\u0107 Edvin<br \/>\nMuslimovi\u0107 Denis<br \/>\nIslam\u010devi\u0107 Sanel &#8211; GAGO<br \/>\nIm\u0161irovi\u0107 Anel<br \/>\nIm\u0161irovi\u0107 Razim<br \/>\nIm\u0161irovi\u0107 Ismet<br \/>\nIm\u0161irovi\u0107 Haris<br \/>\nIm\u0161irovi\u0107 Denis<br \/>\nKadiri\u0107 Ned\u017ead<br \/>\nAli\u0161i\u0107 Irfo<br \/>\nCeri\u0107 Edin<br \/>\nBa\u010di\u0107 Sada<br \/>\nAvdi\u0107 Elvis<br \/>\nZenkovi\u0107 Taim<br \/>\n\u010celi\u0107 Amir<br \/>\n\u010celi\u0107 Jasmin<br \/>\n\u010celi\u0107 Ned\u017ead<br \/>\nGrozdani\u0107 Elvir<br \/>\nBehli\u0107 Mehmed<br \/>\nHopovac Mustafa<br \/>\nFondacija &#8211; Aladin Sije\u010di\u0107<br \/>\nHopovac Dino<br \/>\nHopovac Jasmir<br \/>\nPa\u0111an Elvedin &#8211; ElVedo<br \/>\nPa\u0111en Eniz<br \/>\nPa\u0111en Halida<br \/>\nMusi\u0107 Kasim 100 CHF<br \/>\nRami\u0107 Midhat<br \/>\nMemi\u0107 Mesud<br \/>\nPetrovac Mirsad<br \/>\nCrljenkovi\u0107 Mesud Me\u0161a<br \/>\nSpahi\u0107 Jasmin<br \/>\nD\u017eamastagi\u0107 Satko (200KM)<br \/>\nMedi\u0107 Zakir<br \/>\nMedi\u0107 Mensur<br \/>\n\u0160vraka Abdulah Dule 100 CHF<br \/>\n\u010cau\u0161evi\u0107 Jasmir<br \/>\n\u010cau\u0161evi\u0107 Zikrija<br \/>\n\u0160iljkovi\u0107 Sejfo<br \/>\nPa\u0111an Senad<br \/>\nDenis Budimli\u0107 &#8211; Bolero<\/p>\n<h4>\ud83c\udfab50 EUR<\/h4>\n<p>Hod\u017ei\u0107 Mersiha<br \/>\nKadiri\u0107 Haris<br \/>\nHasanagi\u0107 Almin<br \/>\nKaragi\u0107 Fuad Kapa<br \/>\n\u010cikoti\u0107 Munir<br \/>\nSelimovi\u0107 Velid<br \/>\nDergi\u0107 \u0106amil<br \/>\nDuratovi\u0107 Sanimir<br \/>\nNasi\u0107 Jasminka<br \/>\nIbri\u0107-Mehmedagi\u0107 Leka<br \/>\nSikiri\u0107 Samir<br \/>\nNuhija Atif<br \/>\nIbri\u0107-Mehmedagi\u0107 Ferid-Leka<br \/>\nDedi\u0107 Mehmed<br \/>\nDedi\u0107 Sulejman<br \/>\nDedi\u0107 Sanel<br \/>\nMusi\u0107 Jasmin<br \/>\n\u010cau\u0161evi\u0107 Safet-Sajo<br \/>\nDedi\u0107 Elmedin<br \/>\nNasi\u0107 Admir<br \/>\nDuratovi\u0107 Amir<br \/>\nTrepi\u0107 Sanel<br \/>\nTrepi\u0107 Denis<br \/>\nKarupovi\u0107 Aylan<br \/>\nKarupovi\u0107 Almin Ale<br \/>\nHabibovi\u0107 Edin<br \/>\nLjumanovi\u0107 Selmir<br \/>\nKadiri\u0107 \u0160erif<br \/>\nDedi\u0107 D\u017eevad<br \/>\n\u0106ulum Esad<br \/>\nHori\u0107 Almir Amko<br \/>\nBehli\u0107 Terzi\u0107 Emina<br \/>\nKaltak Amani<br \/>\nKaltak Amir<br \/>\nHabibovi\u0107 Suad<br \/>\nHod\u017ei\u0107 Amir<br \/>\nRami\u0107 Amira<br \/>\nRami\u0107 Said<br \/>\nNasi\u0107 Arnel<br \/>\nBehli\u0107 \u0160aban<br \/>\nDelki\u0107 Elvir<br \/>\nKadiri\u0107 Benjamin-Bejmo<br \/>\nDuratovi\u0107 Zlatan-Zlaja<br \/>\nRizvanovi\u0107 Halid<br \/>\nVukovi\u0107 Nihad<br \/>\nBajri\u0107 Jasmin<\/p>\n<p>\ud83c\udf9f100 KM<\/p>\n<p>Dedi\u0107 \u0106azim<br \/>\nBrki\u0107 D\u017eevad<br \/>\nKarupovi\u0107 Ismet<br \/>\nKaltak Merfin<br \/>\nSikiri\u0107 Fahrudin<br \/>\nJele\u010devi\u0107 Aljo<br \/>\nJele\u010devi\u0107 Adijan<br \/>\nBraki\u0107 Sifet<br \/>\nBehli\u0107 Armin<br \/>\nTucovi\u0107 Orhan &#8211; Konjic<br \/>\nBenjamin ef. Hod\u017ei\u0107<br \/>\nMedi\u0107 Denis<br \/>\nBrki\u0107 Emin<br \/>\nDuratovi\u0107 Adi<br \/>\nKaltak Ajdin<br \/>\n\u010cau\u0161evi\u0107 Alija<br \/>\nMusi\u0107 Anel<br \/>\nDedi\u0107 Samir Sam\u0107o<br \/>\nFiki\u0107 Damir<br \/>\nNuhi\u0107 Nijaz i Mersiha<br \/>\nDedi\u0107 Dino<br \/>\nDedi\u0107 Adin<br \/>\nMusi\u0107 Senadin<br \/>\nMusi\u0107 Haris<br \/>\nAli\u0161i\u0107 Azura<br \/>\nN. N.<br \/>\n\u010cau\u0161evi\u0107 Mustafa<br \/>\nHopovac Sakib<br \/>\nFiki\u0107 Rijad<br \/>\nMedi\u0107 Dean<br \/>\nDuratovi\u0107 Bego<br \/>\n\u0106ulum Esad<br \/>\nSikiri\u0107 Nizam<br \/>\nSikiri\u0107 Demir<\/p>\n<p>\ud83c\udfab 50 KM<\/p>\n<p>Kadiri\u0107 Fadil Faja<br \/>\nKadiri\u0107 Benjamin<br \/>\nDedi\u0107 Elvedin<br \/>\nIslam\u010devi\u0107 Nejla<br \/>\nIslam\u010devic Hana<br \/>\nPrlja Haris<br \/>\nBrki\u0107 Yanis<br \/>\nNasi\u0107 Mirsad<br \/>\nKaltak Amina<br \/>\n\u0110ug Harun<br \/>\nBehli\u0107 Erwin<\/p>\n<h4 dir=\"auto\"><span class=\"html-span xexx8yu x4uap5 x18d9i69 xkhd6sd x1hl2dhg x16tdsg8 x1vvkbs x3nfvp2 x1j61x8r x1fcty0u xdj266r xat24cr xgzva0m xhhsvwb xxymvpz xlup9mm x1kky2od\"><img decoding=\"async\" class=\"xz74otr\" src=\"https:\/\/static.xx.fbcdn.net\/images\/emoji.php\/v9\/t8d\/1\/16\/1f1fa_1f1f2.png\" alt=\"\ud83c\uddfa\ud83c\uddf2\" width=\"16\" height=\"16\"> <\/span>\u010clanovi USA:<\/h4>\n<p>\ud83c\udf9f100 $<\/p>\n<p>Huski\u0107 Enad<br \/>\nKaltak Faruk<\/p>\n<p>\ud83c\udd70\ufe0fAktualizirano: 06.11.2025<\/p>\n<h3>\u26bd\ufe0f\u26bd\ufe0f\u26bd\ufe0f\u26bd\ufe0f\u26bd\ufe0f\u26bd\ufe0f\u26bd\ufe0f\u26bd\ufe0f\u26bd\ufe0f\u26bd\ufe0f<br \/>\nDONACIJE ZA<br \/>\n\ud83c\udfdf OFK BRDO \ud83c\udfdf<\/h3>\n<p>Muhi\u0107 Almir \u0106ani 1250 \u20ac<br \/>\nIslam\u010devi\u0107 Sanel Gago 2850 \u20ac<br \/>\nHabibovi\u0107 Damir i Nusreta 600 \u20ac<br \/>\n\u010celi\u0107 Amir 500 KM<br \/>\nDedi\u0107 \u0106azim 100 KM<br \/>\nHid\u017eama Hod\u017ei\u0107 100 KM<br \/>\nMegafas 100 KM<br \/>\nMirza ef. Alki\u0107 150 KM<br \/>\nFondacija Aladin Sije\u010di\u0107 200 \u20ac<br \/>\nDuratovi\u0107 Mirsad 100 \u20ac<br \/>\nLova\u010dko udru\u017eenje Mrakovica, sekcija Brdo 200 KM<br \/>\nOp\u0161tina Klju\u010d 500 KM<br \/>\nTaji\u0107 Amir 1000 \u20ac<br \/>\nKarupovi\u0107 Ismet 200 KM<br \/>\nPa\u0111an Elvedin &#8211; ElVedo 100 \u20ac<br \/>\nFerizovi\u0107 Vehid 100 \u20ac<br \/>\nVeterani Radnik D. Vakuf 250 KM<br \/>\nCeri\u0107 Edin 500 \u20ac<br \/>\nCiber Ne\u0111zad 50 CHF<br \/>\n\u010cau\u0161evi\u0107 Mustafa 100 \u20ac<br \/>\nBeneder Edi &#8211; Klju\u010d 50 \u20ac<br \/>\nHod\u017ei\u0107 Amir 50 \u20ac<br \/>\nKarupovi\u0107 Almin Ale 50 \u20ac<br \/>\nDuratovi\u0107 Edin 50 \u20ac<br \/>\nMusi\u0107 Kasim 100 CHF<br \/>\nFiki\u0107 Damir 100 KM<br \/>\nCeri\u0107 Munib 500 $<br \/>\n\u010cau\u0161evi\u0107 Azmir \u00d0okin 1.000 $<br \/>\nMedi\u0107 Grga 500 $<br \/>\nMojprijedor .com 100 \u20ac<br \/>\nAvdi\u0107 Nezir 400 KM<br \/>\nMuhi\u0107 Mesud Me\u0161a 200 $<br \/>\nOsman Musi\u0107 500KM<\/p>\n<p>&nbsp;<\/p>\n<p>Donatori putem gofundme USA<\/p>\n<p>Mirsad C\u030caus\u030cevic\u0301 1.300 $<br \/>\nVildan Gradjan 200 $<br \/>\nAnel Delic\u0301 50 $<br \/>\nVahidin Delic\u0301 100 $<br \/>\nDino Karaman 100 $<br \/>\nMensur Talic\u0301 50 $<br \/>\nZiska Hasanic\u0301 100 $<br \/>\nBryce Bowman 200 $<br \/>\nElvis Fikic\u0301 50 $<br \/>\nElvis Fikic\u0301 50 $<br \/>\nNihad Latic\u0301 100 $<br \/>\nAmir Grabic\u0301 100 $<br \/>\nArmin Ganibegovic\u0301 100 $<br \/>\nBernard Delija 100 $<br \/>\nDzenan Carkovic\u0301 100 $<br \/>\nAlen S\u030cabanovic\u0301 100 $<br \/>\nAdnan Jukovic\u0301 100 $<br \/>\nSuad Paratus\u030cic\u0301 50 $<br \/>\nDenis Fazlic\u0301 50 $<br \/>\nIso Gradjan 100 $<br \/>\nHani Arabi 100 $<br \/>\nChris Cooling 100 $<br \/>\nSanel Hodz\u030cic\u0301 100 $<br \/>\nFernando Rodriguez 100 $<br \/>\nMichael Dudzinski 100 $<br \/>\nMirsad Kljuc\u030canin 100 $<br \/>\nEmir Zubovic\u0301 300 $<br \/>\nSenad Adz\u030camija 100 $<br \/>\nMichael Weiss 100 $<br \/>\nNaem Seifianjoo 100 $<br \/>\nAzmir C\u030caus\u030cevic\u0301 500 $<br \/>\nHaris Dz\u030cubur 100 $<br \/>\nMirsad Smajlovic\u0301 500 $<br \/>\nAnis Mrkalj 200 $<br \/>\nA&amp;M Property Services 400 $<br \/>\nSalko Drac\u030cic\u0301 100 $<br \/>\nSanel Drac\u030cic\u0301 200 $<br \/>\nC\u0301azim Beris\u030ca 200 $<\/p>\n<p>Donacija Edmonton Kanada \ud83c\udde8\ud83c\udde6<br \/>\nTali\u0107 Amar, Salihovi\u0107 Admir i Skrijelj Emir 200 CAD<br \/>\nSli\u0161kovi\u0107 Roni 100 CAD<br \/>\nBo\u017ei\u0107 To\u0161o 300 CAD<br \/>\nHegi\u0107 Almir 100 CAD<br \/>\nKasmo Saudin 1.000 CAD<br \/>\nMuj\u010din Senad 100 CAD<br \/>\nKevac Nisad 100 CAD<br \/>\nGrozdani\u0107 Said 100 CAD<br \/>\nDeumi\u0107 Iksad 100 CAD<br \/>\nGrozdani\u0107 Ado 100 CAD<br \/>\n\u0106ejvan Almir 100 CAD<br \/>\nStepanovi\u0107 Dragan 100 CAD<br \/>\nSherwood Derin 100 CAD<br \/>\nFazli\u0107 Said 50 CAD<br \/>\nKevac Samir 50 CAD<br \/>\nKajtazovi\u0107 Sidik 100 CAD<br \/>\nAluki\u0107 Haris 100 CAD<br \/>\nPa\u0161i\u0107a Jasmin 200 CAD<br \/>\nFori\u0107 Mensur 100 CAD<br \/>\nJason Autobody 100 CAD<br \/>\nRami\u0107 Said i Amira 400 CAD<br \/>\nMati\u0107 Sini\u0161a 300 CAD<br \/>\nHalili\u0107 Izudin i Safija 350 CAD<br \/>\nZuki\u0107 Emir 200 $<\/p>\n<h3>\u26bd\ufe0f\ud83c\udde7\ud83c\udde6<br \/>\nPrijatelji i sponzori kluba 2024\/25<\/h3>\n<p>LIM PROFI<br \/>\nMesnica \u010celi\u0107<br \/>\nCS Impresa Edile \u010cau\u0161evi\u0107 Samir<br \/>\nEDNA Metalworking<br \/>\nTaji\u0107 Handels GmbH<br \/>\nWindoo Nasi\u0107 KG<br \/>\nVodafone &#8211; Duratovi\u0107 Emir<br \/>\nQvantum ENERGI<br \/>\nPOOLWORX Bu\u017eim<br \/>\nJuventa &#8211; sportska oprema<br \/>\nSARAJEVO, Ferizovi\u0107 &#8211; suhomesnati proizvodi<br \/>\nBegovi\u0107 voda i grijanje<br \/>\nSEMKO, Semi\u0107 Edin &#8211; suhomesnti proizvodi<br \/>\nHF &#8211; KFZ Fehratovi\u0107<br \/>\nLUX LED SIGNAGE BiH<br \/>\nMotel Le Pont<br \/>\nBlumen &amp; mehr-Brica Safija<br \/>\nDental Ceri\u0107 &#8211; Dr. Amir Ceri\u0107<br \/>\nRestoran &#8216;&#8221;\u0106orda&#8221;- Taim Zenkovi\u0107<br \/>\nRestoran &#8220;D\u017eeda&#8221; &#8211; Almir Suljanovi\u0107<br \/>\nHOT Kitchen Prijedor<br \/>\nIMI Tranzit Prijedor<br \/>\nSTARA TEPSIJA-Sanimir Memi\u0107<br \/>\nRoundliner BiH doo<br \/>\nStolarija Kvrgi\u0107<br \/>\nModing Junior<br \/>\nMALI ZVRK Buregdz\u030cinica<br \/>\nGRAMER &#8211; Kamenorezac\u030c Ljubija<br \/>\nALISIC &#8211; Lebensmittel AT\/DE<br \/>\nBHTelekom<br \/>\nHid\u017eama Relax Hod\u017ei\u0107<br \/>\nMujd\u017ei\u0107 Alen DVAG<br \/>\nCERA &#8211; CERI\u0106 EDIN<\/p>\n<h3>\u26bd\ufe0f\ud83c\udde7\ud83c\udde6<br \/>\nDonacije za takmicenja<br \/>\npionira i kadeta:<\/h3>\n<p>Ukoliko \u017eelite postati \u010dlan Omladinskog fudbalskog kluba Brdo javite se Amiru \u010celi\u0107u vlasniku mesnice u Hambarinama ili kod bilo kojeg \u010dlana uprave te na utakmicama i treninzima na stadionu Vedro Polje. Vi\u0161e informacija kliknite <a class=\"customize-unpreviewable\" href=\"https:\/\/wp.me\/pevKtx-1W7\" target=\"_blank\" rel=\"noopener\">OVDJE<\/a><\/p>\n<p>OFK BRDO Transakcijski racun: 5520210001842228 (Addiko bank)<\/p>\n<p>Uplate se mogu uraditi i preko HO Humano Brdo 2010<br \/>\nUplate Putem \u017eiro-ra\u010duna\u2028Humano Brdo&nbsp;\u2028Banka : Oberbank Traun\u2028IBAN: AT 901500300761068915\u2028BIC\/Swift: OBKLAT2L<br \/>\nPay Pal: humano.brdo@live.at\u2028Svrha: C\u030clanske karta<\/p>\n<p>Pos\u030ctovani navijac\u030ci, simpatizeri i prijatelji OFK Brda, veoma je vaz\u030cno da postanete dio ekipe koja na ovaj nac\u030cin pruz\u030ca pomoc\u0301 voljenom klubu.<\/p>\n<p>C\u030cekamo vas\u030ce pozive, c\u030clanskih karata ima dovoljno za sve.<br \/>\n\u2026jer Brdo z\u030civot znac\u030ci!<\/p>\n","protected":false},"excerpt":{"rendered":"<p>&nbsp; \u010clanovi kluba 2025\ud83d\udc99\ud83d\udc9b \ud83d\udccd\u010clanova: 136 \ud83d\udcca \ud83d\udccdDontora: 100 \ud83d\udcc8 \ud83d\udccdSponzori: 35\ud83d\udccb \ud83c\udf9f 100 EUR Muhi\u0107 Almir &#8211; \u0106ani Muhi\u0107 Edvin Muslimovi\u0107 Denis Islam\u010devi\u0107 Sanel &#8211; GAGO Im\u0161irovi\u0107 Anel Im\u0161irovi\u0107 Razim Im\u0161irovi\u0107 Ismet Im\u0161irovi\u0107 Haris Im\u0161irovi\u0107 Denis Kadiri\u0107 Ned\u017ead Ali\u0161i\u0107 Irfo Ceri\u0107 Edin Ba\u010di\u0107 Sada Avdi\u0107 Elvis Zenkovi\u0107 Taim \u010celi\u0107 Amir \u010celi\u0107 Jasmin \u010celi\u0107 Ned\u017ead [&hellip;]<\/p>\n","protected":false},"author":1,"featured_media":0,"parent":0,"menu_order":0,"comment_status":"closed","ping_status":"closed","template":"","meta":{"ngg_post_thumbnail":0,"footnotes":""},"class_list":["post-8605","page","type-page","status-publish","hentry"],"jetpack_sharing_enabled":true,"jetpack_likes_enabled":true,"jetpack_shortlink":"https:\/\/wp.me\/PevKtx-2eN","jetpack-related-posts":[{"id":5064,"url":"https:\/\/www.ofkbrdo.com\/Wordpress\/spisak-clanova-2022\/","url_meta":{"origin":8605,"position":0},"title":"Spisak \u010dlanova OFK BRDO 2022","author":"admin","date":"30. March 2022","format":false,"excerpt":"100 EUR Karagi\u0107 Fuad \u2013 Kapa Medi\u0107 Ifet Avdi\u0107 Elvis Muslimovi\u0107 Denis Im\u0161irovi\u0107 Razim Im\u0161irovi\u0107 Anel Ali\u0161i\u0107 Irfan Kadiri\u0107 Ned\u017ead \u2013 Ne\u0107ko Ba\u010di\u0107 Naser \u010celi\u0107 Amir \u010celi\u0107 Ned\u017ead Poljak Timka i Eso \u010cau\u0161evi\u0107 Samir Ceri\u0107 Edin Mujad\u017ei\u0107 Ferid Krupovi\u0107 Ajdin Muhi\u0107 Almir \u2013 \u0106ani Muhi\u0107 Edvin Hegi\u0107 Armin Sikir\u0107 Nizam\u2026","rel":"","context":"Similar post","block_context":{"text":"Similar post","link":""},"img":{"alt_text":"","src":"https:\/\/i0.wp.com\/www.ofkbrdo.com\/Wordpress\/wp-content\/uploads\/2020\/06\/cropped-cropped-cropped-cropped-cropped-cropped-transparentlogo2-1-1.png?fit=512%2C512&ssl=1&resize=350%2C200","width":350,"height":200},"classes":[]},{"id":267,"url":"https:\/\/www.ofkbrdo.com\/Wordpress\/clanovi_kluba\/","url_meta":{"origin":8605,"position":1},"title":"\u010clanovi kluba 2024","author":"admin","date":"15. January 2020","format":false,"excerpt":"\u010clanovi kluba 2024\ud83d\udc99\ud83d\udc9b \ud83d\udccd\u010clanova: 210\ud83d\udcca \ud83d\udccdDontora: 31 \ud83d\udcc8 \ud83d\udccdSponzori: 26 \ud83d\udccb \ud83c\udf9f 100 EUR Muhi\u0107 Almir - \u0106ani Muhi\u0107 Edvin Islam\u010devi\u0107 Sanel - Gago \u010celi\u0107 Amir Pa\u0111an Elvedin - Elvedo Im\u0161irovi\u0107 Razim Im\u0161irovi\u0107 Anel Ali\u0161i\u0107 Irfan Kadiri\u0107 Ne\u0107ko SWE Avdi\u0107 Elvis \u010cau\u0161evi\u0107 Samir Ceri\u0107 Edin \u010celi\u0107 Ned\u017ead \u010celi\u0107 Jasmin Kadiri\u0107\u2026","rel":"","context":"Similar post","block_context":{"text":"Similar post","link":""},"img":{"alt_text":"\u010clanovi kluba","src":"https:\/\/i0.wp.com\/www.ofkbrdo.com\/Wordpress\/wp-content\/uploads\/2024\/01\/IMG_5501-e1717487068393.jpeg?fit=1046%2C577&ssl=1&resize=350%2C200","width":350,"height":200,"srcset":"https:\/\/i0.wp.com\/www.ofkbrdo.com\/Wordpress\/wp-content\/uploads\/2024\/01\/IMG_5501-e1717487068393.jpeg?fit=1046%2C577&ssl=1&resize=350%2C200 1x, https:\/\/i0.wp.com\/www.ofkbrdo.com\/Wordpress\/wp-content\/uploads\/2024\/01\/IMG_5501-e1717487068393.jpeg?fit=1046%2C577&ssl=1&resize=525%2C300 1.5x, https:\/\/i0.wp.com\/www.ofkbrdo.com\/Wordpress\/wp-content\/uploads\/2024\/01\/IMG_5501-e1717487068393.jpeg?fit=1046%2C577&ssl=1&resize=700%2C400 2x"},"classes":[]},{"id":265,"url":"https:\/\/www.ofkbrdo.com\/Wordpress\/mi-smo-ofk-brdo\/organi-kluba\/","url_meta":{"origin":8605,"position":2},"title":"Organi kluba","author":"admin","date":"15. January 2020","format":false,"excerpt":"Predsjednik kluba: Naser Ba\u010di\u0107, 065-231 058Predsjednik skup\u0161tine: Amir \u010celi\u0107, 062-926 783Sekretar: Mirza Alki\u0107, 061-426 884Blagajnik: Amir Duratovi\u0107, 066-341 516Blagajnik: Benjamin Kadiri\u0107, 065-603 088 \u010clanovi Upravnog odbora: Mujo Mehmedagi\u0107 Suad Pa\u0161i\u0107 Anel Hamuli\u0107 Edin Pa\u0111an Nermin Pa\u0111an Naser Ba\u010di\u0107 Amir \u010celi\u0107 Amir Duratovi\u0107 Benjamin Kadiri\u0107 Nihad Dedi\u0107 Elvedin Hori\u0107","rel":"","context":"Similar post","block_context":{"text":"Similar post","link":""},"img":{"alt_text":"","src":"","width":0,"height":0},"classes":[]}],"_links":{"self":[{"href":"https:\/\/www.ofkbrdo.com\/Wordpress\/wp-json\/wp\/v2\/pages\/8605","targetHints":{"allow":["GET"]}}],"collection":[{"href":"https:\/\/www.ofkbrdo.com\/Wordpress\/wp-json\/wp\/v2\/pages"}],"about":[{"href":"https:\/\/www.ofkbrdo.com\/Wordpress\/wp-json\/wp\/v2\/types\/page"}],"author":[{"embeddable":true,"href":"https:\/\/www.ofkbrdo.com\/Wordpress\/wp-json\/wp\/v2\/users\/1"}],"replies":[{"embeddable":true,"href":"https:\/\/www.ofkbrdo.com\/Wordpress\/wp-json\/wp\/v2\/comments?post=8605"}],"version-history":[{"count":10,"href":"https:\/\/www.ofkbrdo.com\/Wordpress\/wp-json\/wp\/v2\/pages\/8605\/revisions"}],"predecessor-version":[{"id":9623,"href":"https:\/\/www.ofkbrdo.com\/Wordpress\/wp-json\/wp\/v2\/pages\/8605\/revisions\/9623"}],"wp:attachment":[{"href":"https:\/\/www.ofkbrdo.com\/Wordpress\/wp-json\/wp\/v2\/media?parent=8605"}],"curies":[{"name":"wp","href":"https:\/\/api.w.org\/{rel}","templated":true}]}}